{"id":108,"date":"2022-10-16T14:45:03","date_gmt":"2022-10-16T12:45:03","guid":{"rendered":"https:\/\/dlarodziny.diecezjazg.pl\/?page_id=108"},"modified":"2022-11-03T22:07:18","modified_gmt":"2022-11-03T21:07:18","slug":"krucjata-modlitw-w-intencji-malzenstw-zagrozonych-rozbiciem","status":"publish","type":"page","link":"https:\/\/dlarodziny.diecezjazg.pl\/index.php\/krucjata-modlitw-w-intencji-malzenstw-zagrozonych-rozbiciem\/","title":{"rendered":"Krucjata modlitw w intencji\u00a0ma\u0142\u017ce\u0144stw\u00a0zagro\u017conych rozbiciem"},"content":{"rendered":"<p><strong>Krucjata\u00a0 modlitw w\u00a0 intencji\u00a0 ma\u0142\u017ce\u0144stw\u00a0 zagro\u017conych rozbiciem<\/strong><\/p>\n<p><strong>1. Zrodzenie si\u0119 inicjatywy.<\/strong><br \/>\nW ostatnich latach w Polsce nasila si\u0119 zjawisko rozpadu wielu zwi\u0105zk\u00f3w ma\u0142\u017ce\u0144skich na co wskazuje ci\u0105g\u0142y wzrost liczby rozwod\u00f3w szczeg\u00f3lnie w ostatnich latach. Negatywne skutki tego zjawiska dotykaj\u0105 nie tylko rozwiedzionych ma\u0142\u017conk\u00f3w, ale tak\u017ce zrodzonych w ich zwi\u0105zkach dzieci, kt\u00f3re bole\u015bnie do\u015bwiadczaj\u0105 rozpadu swojej rodziny oraz utraty bliskiej wi\u0119zi z jednym z rodzic\u00f3w. Pojawia si\u0119 potrzeba przeciwdzia\u0142ania temu procesowi oraz pomocy zagro\u017conym rozbiciem zwi\u0105zk\u00f3w ma\u0142\u017ce\u0144skich.<\/p>\n<p>Idea modlitwy w intencji ma\u0142\u017ce\u0144stw zagro\u017conych rozbiciem zrodzi\u0142a si\u0119 w diecezji zielonog\u00f3rsko-gorzowskiej. Jej inicjatorem jest p. Janusz Doruch &#8211; osoba \u015bwiecka osobi\u015bcie dotkni\u0119ta tragedi\u0105 rozpadu swojego ma\u0142\u017ce\u0144stwa. Zaproponowa\u0142a ona podj\u0119cie krucjaty modlitw w intencji ma\u0142\u017ce\u0144stw zagro\u017conych rozbiciem na wz\u00f3r istniej\u0105cej ju\u017c w Ko\u015bciele i przynosz\u0105cej dobre owoce Duchowej Adopcji Dziecka Pocz\u0119tego. Po przedstawieniu inicjatywy miejscowemu Ks. Biskupowi zyska\u0142a ona akceptacj\u0119. Opracowano wi\u0119c deklaracj\u0119 Krucjaty zawieraj\u0105c\u0105 specjaln\u0105 modlitw\u0119 (jej autorem jest p. Mieczys\u0142aw Guzewicz i Ks. Bp. Pawe\u0142 Socha) oraz zezwolono na jej popularyzacj\u0119 w lokalnym Ko\u015bciele.<\/p>\n<p>Poprzez podj\u0119cie si\u0119 systematycznej modlitwy w intencji konkretnego ma\u0142\u017ce\u0144stwa prosi si\u0119 Boga o pomoc, aby ma\u0142\u017conkowie wr\u00f3cili do takiej mi\u0142o\u015bci, jak\u0105 \u015blubowali podczas sakramentu ma\u0142\u017ce\u0144stwa. Wyprasza si\u0119 dla nich \u0142aski, kt\u00f3re pomog\u0105 im na powr\u00f3t zwr\u00f3ci\u0107 swoje serca ku sobie i dzieciom, kt\u00f3re pojawi\u0142y si\u0119 w ich ma\u0142\u017ce\u0144stwie oraz \u015bwiadomie poczynili kroki cementuj\u0105ce ich wi\u0119\u017a.<\/p>\n<p>Odrodzenie mi\u0142o\u015bci w ma\u0142\u017ce\u0144stwie wymaga szczerego spojrzenia wstecz, zauwa\u017cenia swoich b\u0142\u0119d\u00f3w i grzech\u00f3w oraz rozmiar\u00f3w zranie\u0144, jakich do\u015bwiadczy\u0142a ca\u0142a rodzina (&#8222;Mi\u0142o\u015b\u0107 wszystko przetrzyma&#8221;). Przyznanie si\u0119 do b\u0142\u0119d\u00f3w, s\u0142abo\u015bci i swoich ogranicze\u0144 prowadzi do przeproszenia oraz przebaczenia sobie nawzajem. Jest ono oczyszczaj\u0105ce, poniewa\u017c ma\u0142\u017conkowie pr\u00f3buj\u0105 spojrze\u0107 na siebie w prawdzie (&#8222;Prawda ich wyzwoli&#8221;). Wa\u017cna b\u0119dzie dalej rozmowa ma\u0142\u017ce\u0144ska, w kt\u00f3rej m\u0105\u017c i \u017cona uzgodni\u0105, jak dalej b\u0119d\u0105 \u017cy\u0107, aby okazywa\u0107 sobie mi\u0142o\u015b\u0107, wierno\u015b\u0107 i uczciwo\u015b\u0107 ma\u0142\u017ce\u0144sk\u0105, co \u015blubowali wcze\u015bniej zapraszaj\u0105c do swojego ma\u0142\u017ce\u0144stwa Jezusa Chrystusa. Wa\u017cne jest, aby zrozumieli oni, \u017ce B\u00f3g zawsze jest got\u00f3w im we wszystkim pom\u00f3c, a szczeg\u00f3lnie pochyla si\u0119 nad tymi, kt\u00f3rzy si\u0119 \u017ale maj\u0105. Nie mo\u017cna te\u017c zapomina\u0107, \u017ce mimo kryzysu, kt\u00f3ry prze\u017cywaj\u0105, B\u00f3g nadal ka\u017cde z nich bezgranicznie kocha. B\u00f3g jest prawdziwym wzorem mi\u0142o\u015bci, poniewa\u017c nigdy swojej mi\u0142o\u015bci wobec cz\u0142owieka nie wycofuje.<br \/>\nOkaza\u0142o si\u0119, \u017ce inicjatywa ta spotyka si\u0119 z zaskakuj\u0105co pozytywnym odbiorem u wiernych. W kr\u00f3tkim czasie wiele os\u00f3b zadeklarowa\u0142o ch\u0119\u0107 podj\u0119cia modlitwy w intencji ratowania zagro\u017conych rozbiciem ma\u0142\u017ce\u0144stw. Po zaprezentowaniu inicjatywy w pi\u015bmie &#8222;Mi\u0142ujcie si\u0119&#8221; Krucjata zacz\u0119\u0142a nabiera\u0107 charakteru og\u00f3lnopolskiego.<\/p>\n<p><strong>2. W\u0142\u0105czenie si\u0119 w modlitw\u0119 za wybrane ma\u0142\u017ce\u0144stwo<\/strong><br \/>\nKandydat zobowi\u0105zuje si\u0119 przez p\u00f3\u0142 roku do:<br \/>\n&#8211; codziennego odmawiania modlitwy w intencji ma\u0142\u017ce\u0144stwa zagro\u017conego rozbiciem,<br \/>\n&#8211; codziennego odmawiania jednego dziesi\u0105tka r\u00f3\u017ca\u0144ca,<br \/>\n&#8211; cz\u0119stej komunii \u015bw. ofiarowanej w intencji ma\u0142\u017ce\u0144stwa zagro\u017conego rozbiciem,<br \/>\n&#8211; dodatkowej dobrowolnej ofiary.<\/p>\n<p><strong>3. Co daje podj\u0119cie si\u0119 modlitwy za ma\u0142\u017ce\u0144stwo zagro\u017cone rozbiciem?<\/strong><br \/>\n&#8211; pog\u0142\u0119bienie wiary i nadziei,<br \/>\n&#8211; rado\u015b\u0107 ze wsp\u00f3\u0142dzia\u0142ania z Bogiem dla dobra konkretnego ma\u0142\u017ce\u0144stwa,<br \/>\n&#8211; pog\u0142\u0119bienie ducha systematycznej modlitwy,<br \/>\n&#8211; umocnienie \u017cycia Bo\u017cego,<br \/>\n&#8211; rado\u015b\u0107 z w\u0142\u0105czenia si\u0119 w dzie\u0142o zbawcze Jezusa,<br \/>\n&#8211; wzmocnienie wiary w mi\u0142osiern\u0105 mi\u0142o\u015b\u0107 Boga,<br \/>\n&#8211; umocnienie w cierpliwo\u015bci,<br \/>\n&#8211; odpowiedzialno\u015b\u0107 za zagro\u017cone ma\u0142\u017ce\u0144stwo,<br \/>\n&#8211; pog\u0142\u0119bienie wra\u017cliwo\u015bci na krzywd\u0119 i z\u0142o,<br \/>\n&#8211; umiej\u0119tno\u015b\u0107 bycia bezstronnym i obiektywnym.<\/p>\n<p>Zapraszamy do przyst\u0105pienia do Krucjaty &#8211; mo\u017cna to uczyni\u0107 osobi\u015bcie poprzez podpisanie deklaracji i duchowe z\u0142o\u017cenie jej w ofierze w czasie Mszy \u015bw.<\/p>\n<p><strong>\u00a0<\/strong><\/p>\n<p><strong>Ks. Mariusz Dudka<\/strong><\/p>\n<p>&nbsp;<\/p>\n<p>O decyzji przyst\u0105pienia mo\u017cna nas poinformowa\u0107 w celu rozeznania o liczbie ma\u0142\u017ce\u0144stw obj\u0119tych modlitw\u0105: prosimy o przes\u0142anie drog\u0105 elektroniczn\u0105 lub tradycyjn\u0105 poczt\u0105 informacji zawieraj\u0105cej Imi\u0119 i Nazwisko przyst\u0119puj\u0105cego, miejscowo\u015b\u0107 zamieszkania i dat\u0119 przyst\u0105pienia do Krucjaty.<\/p>\n<p>&nbsp;<\/p>\n<p><strong>Diecezjalne Duszpasterstwo Rodzin<\/strong><br \/>\n<strong>Kuria Diecezjalna Diecezji Zielonog\u00f3rsko-Gorzowskiej<\/strong><br \/>\n<strong>Pl. Powsta\u0144c\u00f3w Wlkp. 1<\/strong><br \/>\n<strong>65-075 Zielona G\u00f3ra<\/strong><\/p>\n<p><strong><a href=\"https:\/\/dlarodziny.diecezjazg.pl\/wp-content\/uploads\/2022\/10\/krucjata_deklaracja.pdf\" target=\"_blank\" rel=\"noopener\">Kliknij tutaj<\/a>, by pobra\u0107 deklaracj\u0119 przyst\u0105pienia: <\/strong><\/p>\n","protected":false},"excerpt":{"rendered":"<p>Krucjata\u00a0 modlitw w\u00a0 intencji\u00a0 ma\u0142\u017ce\u0144stw\u00a0 zagro\u017conych rozbiciem 1. Zrodzenie si\u0119 inicjatywy. W ostatnich latach w Polsce nasila si\u0119 zjawisko rozpadu wielu zwi\u0105zk\u00f3w ma\u0142\u017ce\u0144skich na co &hellip;<\/p>\n","protected":false},"author":2,"featured_media":0,"parent":0,"menu_order":0,"comment_status":"closed","ping_status":"closed","template":"","meta":{"footnotes":""},"class_list":["post-108","page","type-page","status-publish","hentry"],"_links":{"self":[{"href":"https:\/\/dlarodziny.diecezjazg.pl\/index.php\/wp-json\/wp\/v2\/pages\/108","targetHints":{"allow":["GET"]}}],"collection":[{"href":"https:\/\/dlarodziny.diecezjazg.pl\/index.php\/wp-json\/wp\/v2\/pages"}],"about":[{"href":"https:\/\/dlarodziny.diecezjazg.pl\/index.php\/wp-json\/wp\/v2\/types\/page"}],"author":[{"embeddable":true,"href":"https:\/\/dlarodziny.diecezjazg.pl\/index.php\/wp-json\/wp\/v2\/users\/2"}],"replies":[{"embeddable":true,"href":"https:\/\/dlarodziny.diecezjazg.pl\/index.php\/wp-json\/wp\/v2\/comments?post=108"}],"version-history":[{"count":5,"href":"https:\/\/dlarodziny.diecezjazg.pl\/index.php\/wp-json\/wp\/v2\/pages\/108\/revisions"}],"predecessor-version":[{"id":238,"href":"https:\/\/dlarodziny.diecezjazg.pl\/index.php\/wp-json\/wp\/v2\/pages\/108\/revisions\/238"}],"wp:attachment":[{"href":"https:\/\/dlarodziny.diecezjazg.pl\/index.php\/wp-json\/wp\/v2\/media?parent=108"}],"curies":[{"name":"wp","href":"https:\/\/api.w.org\/{rel}","templated":true}]}}