{"id":132,"date":"2022-10-16T15:03:47","date_gmt":"2022-10-16T13:03:47","guid":{"rendered":"https:\/\/dlarodziny.diecezjazg.pl\/?page_id=132"},"modified":"2026-04-17T10:13:30","modified_gmt":"2026-04-17T08:13:30","slug":"kursy-i-inne-formy-weekendowe-w-2024-roku","status":"publish","type":"page","link":"https:\/\/dlarodziny.diecezjazg.pl\/index.php\/kursy-i-inne-formy-weekendowe-w-2024-roku\/","title":{"rendered":"Kursy i inne formy weekendowe w 2026 roku"},"content":{"rendered":"<div>\n<ul>\n<li>25-26 kwietnia &#8211; Lubsko &#8211; kurs rozpoczyna si\u0119 w sobot\u0119 o godz. 9.00 w salce na plebanii parafii Nawiedzenia NMP. wszelkie informacje tel. 68 3720628<\/li>\n<li>Parafia Mi\u0142osierdzia Bo\u017cego w \u015awiebodzinie zamierza zorganizowa\u0107 kurs przedma\u0142\u017ce\u0144ski w formule weekendowej, wykorzystuj\u0105c obiekt Przystani Pielgrzyma w \u015awiebodzinie, w dniach 18\/19 kwietnia 2026. Rozpocz\u0119cie w sobot\u0119 o godz. 10.00, zako\u0144czenie Msz\u0105 \u015bw. w niedziel\u0119 o godz. 12.30. Dla os\u00f3b spoza \u015awiebodzina mo\u017cliwo\u015b\u0107 zakwaterowania w Przystani Pielgrzyma, wy\u017cywienie opcjonalnie dla wszystkich uczestnik\u00f3w. Obowi\u0105zuj\u0105 zapisy, informacje szczeg\u00f3\u0142owe oraz formularz zapis\u00f3w na stronie <b><a href=\"http:\/\/www.sanktuariumswiebodzin.pl\/\" target=\"_blank\" rel=\"noopener noreferrer\">www.sanktuariumswiebodzin.pl<\/a>\u00a0<\/b>(mo\u017cna te\u017c telefonicznie na numery podane na tej stronie). Zwracamy uwag\u0119, \u017ce obowi\u0105zuje udzia\u0142 w ca\u0142ym programie kursu i jest to absolutnie konieczny warunek zaliczenia.<\/li>\n<li>Weekendowy kurs dla narzeczonych odb\u0119dzie si\u0119 w dniach 08 &#8211; 09.05.2026 (druga edycja)w parafii Mi\u0142osierdzia Bo\u017cego w Zielonej G\u00f3rze. Informacje i zg\u0142oszenia drog\u0105 e-mailow\u0105: <a href=\"mailto:amazurek@wp.pl\" target=\"_blank\" rel=\"noopener\">amazurek@wp.pl<\/a><\/li>\n<\/ul>\n<\/div>\n<p>&nbsp;<\/p>\n<p>&nbsp;<\/p>\n<p>&nbsp;<\/p>\n<p>&nbsp;<\/p>\n<p>&nbsp;<\/p>\n<p>&nbsp;<\/p>\n","protected":false},"excerpt":{"rendered":"<p>25-26 kwietnia &#8211; Lubsko &#8211; kurs rozpoczyna si\u0119 w sobot\u0119 o godz. 9.00 w salce na plebanii parafii Nawiedzenia NMP. wszelkie informacje tel. 68 3720628 &hellip;<\/p>\n","protected":false},"author":2,"featured_media":0,"parent":0,"menu_order":0,"comment_status":"closed","ping_status":"closed","template":"","meta":{"footnotes":""},"class_list":["post-132","page","type-page","status-publish","hentry"],"_links":{"self":[{"href":"https:\/\/dlarodziny.diecezjazg.pl\/index.php\/wp-json\/wp\/v2\/pages\/132","targetHints":{"allow":["GET"]}}],"collection":[{"href":"https:\/\/dlarodziny.diecezjazg.pl\/index.php\/wp-json\/wp\/v2\/pages"}],"about":[{"href":"https:\/\/dlarodziny.diecezjazg.pl\/index.php\/wp-json\/wp\/v2\/types\/page"}],"author":[{"embeddable":true,"href":"https:\/\/dlarodziny.diecezjazg.pl\/index.php\/wp-json\/wp\/v2\/users\/2"}],"replies":[{"embeddable":true,"href":"https:\/\/dlarodziny.diecezjazg.pl\/index.php\/wp-json\/wp\/v2\/comments?post=132"}],"version-history":[{"count":70,"href":"https:\/\/dlarodziny.diecezjazg.pl\/index.php\/wp-json\/wp\/v2\/pages\/132\/revisions"}],"predecessor-version":[{"id":711,"href":"https:\/\/dlarodziny.diecezjazg.pl\/index.php\/wp-json\/wp\/v2\/pages\/132\/revisions\/711"}],"wp:attachment":[{"href":"https:\/\/dlarodziny.diecezjazg.pl\/index.php\/wp-json\/wp\/v2\/media?parent=132"}],"curies":[{"name":"wp","href":"https:\/\/api.w.org\/{rel}","templated":true}]}}