{"id":14,"date":"2022-10-16T12:48:42","date_gmt":"2022-10-16T10:48:42","guid":{"rendered":"https:\/\/dlarodziny.diecezjazg.pl\/?page_id=14"},"modified":"2022-10-16T14:13:20","modified_gmt":"2022-10-16T12:13:20","slug":"o-nas","status":"publish","type":"page","link":"https:\/\/dlarodziny.diecezjazg.pl\/index.php\/o-nas\/","title":{"rendered":"O nas"},"content":{"rendered":"<p>Diecezjalne Duszpasterstwo Rodzin jest cz\u0119\u015bci\u0105 pos\u0142ugi duszpasterskiej Ko\u015bcio\u0142a Katolickiego Diecezji Zielonog\u00f3rsko-Gorzowskiej.<\/p>\n<p>Wydzia\u0142 Duszpasterstwa Rodzin mie\u015bci si\u0119 w Kurii Biskupiej w Zielonej G\u00f3rze.<\/p>\n<p>W \u015bcis\u0142ym sensie tworz\u0105 go dwie osoby:<\/p>\n<p><strong>ks. dr Mariusz Dudka<\/strong> \u2013 Diecezjalny Duszpasterz Rodzin<\/p>\n<p><strong>mgr in\u017c. Iwona Nowak<\/strong> \u2013 Diecezjalny Doradca \u017bycia Rodzinnego<\/p>\n<p>Wsp\u00f3\u0142pracujemy z ca\u0142\u0105 rzesz\u0105 os\u00f3b, zar\u00f3wno duchownych i \u015bwieckich, kt\u00f3rzy pe\u0142ni\u0105 r\u00f3\u017cne pos\u0142ugi: dekanalnych duszpasterzy rodzin, doradc\u00f3w \u017cycia rodzinnego, lider\u00f3w ruch\u00f3w i wsp\u00f3lnot ma\u0142\u017ce\u0144skich i rodzinnych, wyk\u0142adowc\u00f3w, lekarzy, instruktor\u00f3w.<\/p>\n<p>Celem naszej pos\u0142ugi jest \u015bwiadczenie pomocy osobom pragn\u0105cym przygotowa\u0107 si\u0119 do przyj\u0119cia sakramentu ma\u0142\u017ce\u0144stwa, towarzyszenie ma\u0142\u017conkom i rodzicom w odkryciu pi\u0119kna i godno\u015bci ich powo\u0142ania, przychodzenie z pomoc\u0105 w trudno\u015bciach i k\u0142opotach na drodze realizacji tego powo\u0142ania.<\/p>\n<p><strong>Do zada\u0144 duszpasterstwa rodzin nale\u017c\u0105:<\/strong><br \/>\n&#8211; obrona \u017cycia cz\u0142owieka od pocz\u0119cia do naturanej \u015bmierci,<br \/>\n&#8211; wychowanie dzieci i m\u0142odzie\u017cy do mi\u0142o\u015bci,<br \/>\n&#8211; wieloetapowe przygotowanie do ma\u0142\u017ce\u0144stwa,<br \/>\n&#8211; parafialne poradnictwo \u017cycia rodzinnego,<br \/>\n&#8211; opieka nad m\u0142odymi ma\u0142\u017ce\u0144stwami,<br \/>\n&#8211; pomoc ma\u0142\u017ce\u0144stwom i rodzinom w realizacji ich powo\u0142ania,<br \/>\n&#8211; tworzenie wsp\u00f3lnot rodzin.<\/p>\n<p><strong> Pomoc rodzinom w szczeg\u00f3lnych sytuacjach:<\/strong><br \/>\n&#8211; ma\u0142\u017ce\u0144stwa bezdzietne,<br \/>\n&#8211; rodziny z osobami uzale\u017cnionymi,<br \/>\n&#8211; rodziny z osobami w podesz\u0142ym wieku,<br \/>\n&#8211; duszpasterstwo w wypadkach losowych,<br \/>\n&#8211; w sytuacjach nieprawid\u0142owych,<br \/>\n&#8211; duszpasterstwo rodzin rozbitych,<br \/>\n&#8211; duszpasterstwo zwi\u0105zk\u00f3w niesakramentalnych.<\/p>\n","protected":false},"excerpt":{"rendered":"<p>Diecezjalne Duszpasterstwo Rodzin jest cz\u0119\u015bci\u0105 pos\u0142ugi duszpasterskiej Ko\u015bcio\u0142a Katolickiego Diecezji Zielonog\u00f3rsko-Gorzowskiej. Wydzia\u0142 Duszpasterstwa Rodzin mie\u015bci si\u0119 w Kurii Biskupiej w Zielonej G\u00f3rze. W \u015bcis\u0142ym sensie &hellip;<\/p>\n","protected":false},"author":2,"featured_media":0,"parent":0,"menu_order":0,"comment_status":"closed","ping_status":"closed","template":"","meta":{"footnotes":""},"class_list":["post-14","page","type-page","status-publish","hentry"],"_links":{"self":[{"href":"https:\/\/dlarodziny.diecezjazg.pl\/index.php\/wp-json\/wp\/v2\/pages\/14","targetHints":{"allow":["GET"]}}],"collection":[{"href":"https:\/\/dlarodziny.diecezjazg.pl\/index.php\/wp-json\/wp\/v2\/pages"}],"about":[{"href":"https:\/\/dlarodziny.diecezjazg.pl\/index.php\/wp-json\/wp\/v2\/types\/page"}],"author":[{"embeddable":true,"href":"https:\/\/dlarodziny.diecezjazg.pl\/index.php\/wp-json\/wp\/v2\/users\/2"}],"replies":[{"embeddable":true,"href":"https:\/\/dlarodziny.diecezjazg.pl\/index.php\/wp-json\/wp\/v2\/comments?post=14"}],"version-history":[{"count":2,"href":"https:\/\/dlarodziny.diecezjazg.pl\/index.php\/wp-json\/wp\/v2\/pages\/14\/revisions"}],"predecessor-version":[{"id":70,"href":"https:\/\/dlarodziny.diecezjazg.pl\/index.php\/wp-json\/wp\/v2\/pages\/14\/revisions\/70"}],"wp:attachment":[{"href":"https:\/\/dlarodziny.diecezjazg.pl\/index.php\/wp-json\/wp\/v2\/media?parent=14"}],"curies":[{"name":"wp","href":"https:\/\/api.w.org\/{rel}","templated":true}]}}