{"id":142,"date":"2022-10-16T15:10:13","date_gmt":"2022-10-16T13:10:13","guid":{"rendered":"https:\/\/dlarodziny.diecezjazg.pl\/?page_id=142"},"modified":"2023-03-24T11:05:21","modified_gmt":"2023-03-24T10:05:21","slug":"pochowek-dzieci-zmarlych-przed-urodzeniem","status":"publish","type":"page","link":"https:\/\/dlarodziny.diecezjazg.pl\/index.php\/pochowek-dzieci-zmarlych-przed-urodzeniem\/","title":{"rendered":"Poch\u00f3wek dzieci zmar\u0142ych przed urodzeniem"},"content":{"rendered":"<h2 class=\"title\">Poch\u00f3wek dzieci zmar\u0142ych przed urodzeniem<\/h2>\n<p>&nbsp;<\/p>\n<p><a href=\"https:\/\/dlarodziny.diecezjazg.pl\/wp-content\/uploads\/2023\/03\/E-Book-Kompendium-pastoralne-2022_.pdf\" target=\"_blank\" rel=\"noopener\">E-Book Kompendium pastoralne 2022<\/a><\/p>\n<p>&nbsp;<\/p>\n<p><strong>Poch\u00f3wek dzieci zmar\u0142ych przed urodzeniem<\/strong><\/p>\n<p><strong>Nowa S\u00f3l<\/strong> \u2013 poch\u00f3wki dzieci odbywaj\u0105 si\u0119\u00a0 na cmentarzu w Otyniu o godz. 11.00 4 razy w roku, tj. 3 czwartek miesi\u0105ca marca, czerwca, wrze\u015bnia i grudnia. Tego samego dnia o 10.00 w kaplicy szpitalnej Nowej Soli odprawiana jest Msza \u015awi\u0119ta w intencji rodzic\u00f3w do\u015bwiadczonych strat\u0105.<\/p>\n<p>Wsparcia udzieli ks. kapelan Tomasz Duszczak tel. <strong>666 850 507<\/strong><\/p>\n<p>\u2013 osoba kontaktowa p. Ewa Do\u0142\u0119ga tel. <strong>603 588 762<\/strong><\/p>\n<p><strong>Sulech\u00f3w<\/strong> \u2013 poch\u00f3wki dzieci odbywaj\u0105 si\u0119 na cmentarzu komunalnym w Sulechowie<\/p>\n<p>&#8211; osoba kontaktowa p. Stanis\u0142aw Kaczmar tel. <strong>503 135 922 <\/strong>oraz p. Lilianna Kurkowiak <strong>604 405 104<\/strong><\/p>\n<p><strong>\u015awiebodzin<\/strong> \u2013 poch\u00f3wki dzieci odbywaj\u0105 si\u0119\u00a0 po 25 marca i po 15 pa\u017adziernika\u00a0 na cmentarzu komunalnym w \u015awiebodzinie<\/p>\n<p>&#8211; osoba kontaktowa p. Ryszard \u0141otarewicz tel. <strong>602 683 364<\/strong><\/p>\n<p><strong>Zielona G\u00f3ra<\/strong> \u2013 poch\u00f3wki dzieci odbywaj\u0105 si\u0119 \u015brednio raz na kwarta\u0142 na tzw. \u201estarym\u201d cmentarzu w Zielonej G\u00f3rze,<\/p>\n<p>\u2013 osoba kontaktowa ws. poch\u00f3wku p. Justyna Puk tel. <strong>730 507 265<\/strong><\/p>\n<p>Tego samego dnia o godz. 19.00 odb\u0119dzie si\u0119 w intencji rodzin msza \u015bwi\u0119ta w kaplicy hospicjum w parafii \u015awi\u0119tego J\u00f3zefa na Zaciszu w Zielonej G\u00f3rze. Spotkania grupy wsparcia maj\u0105 miejsce w O\u015brodku Interwencji Kryzysowej\u00a0 w Zielonej G\u00f3rze tel. 68 324 49 00.<\/p>\n<p><strong>Gorz\u00f3w Wlkp.<\/strong>\u00a0\u2013 Poch\u00f3wkiem Dzieci zmar\u0142ych przed urodzeniem zajmuje si\u0119 Stowarzyszenie \u015bw. Eugeniusza de Mazenoda, dzia\u0142aj\u0105ce przy Parafii \u015bw. J\u00f3zefa w Gorzowie Wielkopolskim. Poch\u00f3wki organizowane s\u0105 dwa razy do roku, w terminach sta\u0142ych, tj. w sobot\u0119 przed Niedziel\u0105 Mi\u0142osierdzia Bo\u017cego oraz w sobot\u0119 wypadaj\u0105c\u0105 po Dniu Dziecka Utraconego (15.10). Telefon do Stowarzyszenia: 690333893<br \/>\nOsoba kontaktowa ws. poch\u00f3wku: p. Lilianna Paw\u0142owska tel. <strong>798437317<\/strong><\/p>\n","protected":false},"excerpt":{"rendered":"<p>Poch\u00f3wek dzieci zmar\u0142ych przed urodzeniem &nbsp; E-Book Kompendium pastoralne 2022 &nbsp; Poch\u00f3wek dzieci zmar\u0142ych przed urodzeniem Nowa S\u00f3l \u2013 poch\u00f3wki dzieci odbywaj\u0105 si\u0119\u00a0 na cmentarzu &hellip;<\/p>\n","protected":false},"author":2,"featured_media":0,"parent":0,"menu_order":0,"comment_status":"closed","ping_status":"closed","template":"","meta":{"footnotes":""},"class_list":["post-142","page","type-page","status-publish","hentry"],"_links":{"self":[{"href":"https:\/\/dlarodziny.diecezjazg.pl\/index.php\/wp-json\/wp\/v2\/pages\/142","targetHints":{"allow":["GET"]}}],"collection":[{"href":"https:\/\/dlarodziny.diecezjazg.pl\/index.php\/wp-json\/wp\/v2\/pages"}],"about":[{"href":"https:\/\/dlarodziny.diecezjazg.pl\/index.php\/wp-json\/wp\/v2\/types\/page"}],"author":[{"embeddable":true,"href":"https:\/\/dlarodziny.diecezjazg.pl\/index.php\/wp-json\/wp\/v2\/users\/2"}],"replies":[{"embeddable":true,"href":"https:\/\/dlarodziny.diecezjazg.pl\/index.php\/wp-json\/wp\/v2\/comments?post=142"}],"version-history":[{"count":16,"href":"https:\/\/dlarodziny.diecezjazg.pl\/index.php\/wp-json\/wp\/v2\/pages\/142\/revisions"}],"predecessor-version":[{"id":364,"href":"https:\/\/dlarodziny.diecezjazg.pl\/index.php\/wp-json\/wp\/v2\/pages\/142\/revisions\/364"}],"wp:attachment":[{"href":"https:\/\/dlarodziny.diecezjazg.pl\/index.php\/wp-json\/wp\/v2\/media?parent=142"}],"curies":[{"name":"wp","href":"https:\/\/api.w.org\/{rel}","templated":true}]}}