{"id":18,"date":"2022-10-16T12:49:55","date_gmt":"2022-10-16T10:49:55","guid":{"rendered":"https:\/\/dlarodziny.diecezjazg.pl\/?page_id=18"},"modified":"2024-11-20T22:03:35","modified_gmt":"2024-11-20T21:03:35","slug":"krucjaty-modlitewne","status":"publish","type":"page","link":"https:\/\/dlarodziny.diecezjazg.pl\/index.php\/krucjaty-modlitewne\/","title":{"rendered":"Krucjaty modlitewne"},"content":{"rendered":"<p><a href=\"https:\/\/dlarodziny.diecezjazg.pl\/index.php\/duchowa-adopcja-dziecka-poczetego\/\"><strong>Duchowa Adopcja Dziecka Pocz\u0119tego<\/strong><\/a><\/p>\n<p><a href=\"https:\/\/dlarodziny.diecezjazg.pl\/index.php\/krucjata-modlitw-w-intencji-malzenstw-zagrozonych-rozbiciem\/\"><strong>Krucjata\u00a0 modlitw w\u00a0 intencji\u00a0 ma\u0142\u017ce\u0144stw\u00a0 zagro\u017conych rozbiciem<\/strong><\/a><\/p>\n<p><strong>ADWENT DLA \u017bYCIA<\/strong><\/p>\n<div>Rycerstwo Niepokalanej przy parafii \u015aw. Jadwigi \u015al\u0105skiej w Zielonej G\u00f3rze zaprasza do udzia\u0142u w krucjacie modlitewnej pro-life Adwent dla \u017bycia 2024. Pocz\u0105tek 1 grudnia w I niedziel\u0119 Adwentu o godz. 18.00 Msz\u0105 \u015awi\u0119t\u0105, zako\u0144czenie 24 grudnia o godz. 12.00 modlitw\u0105 Anio\u0142 Pa\u0144ski. Celem akcji jest modlitwa o nawr\u00f3cenie zwolennik\u00f3w aborcji i ratowanie dzieci nienarodzonych, ich matek i ojc\u00f3w oraz ca\u0142ych rodzin.\u00a0 Wybierz minimum p\u00f3\u0142 godziny w Adwencie i po\u015bwi\u0119\u0107 na modlitw\u0119 w intencjach krucjaty. Mo\u017cna ofiarowa\u0107 r\u00f3\u017caniec, koronk\u0119 do Mi\u0142osierdzia Bo\u017cego, lektur\u0119 Biblii, adoracj\u0119 Naj\u015bwi\u0119tszego Sakramentu lub inn\u0105 dowoln\u0105 modlitw\u0119. Wa\u017cne jest, aby modli\u0107 si\u0119 przez ca\u0142y zadeklarowany czas. Ka\u017cdego roku nasz\u0105 krucjat\u0119 modlitewn\u0105 wspiera pasterskim b\u0142ogos\u0142awie\u0144stwem J.E. Ks. Bp Tadeusz Lity\u0144ski \u2013 Biskup Zielonog\u00f3rsko-Gorzowski. Zapisu mo\u017cna dokona\u0107 przez:<\/p>\n<ul>\n<li>formularz dost\u0119pny na stronie parafii konkatedralnej:\u00a0<a href=\"https:\/\/konkatedrazielonagora.pl\/\" target=\"_blank\" rel=\"noopener\" data-saferedirecturl=\"https:\/\/www.google.com\/url?q=https:\/\/konkatedrazielonagora.pl\/&amp;source=gmail&amp;ust=1732220887660000&amp;usg=AOvVaw1amR8zefmUdyO9gIzEKlph\">https:\/\/<wbr \/>konkatedrazielonagora.pl<\/a>\u00a0\u00a0(<wbr \/>bezpo\u015bredni link do formularza:\u00a0<a href=\"https:\/\/forms.gle\/dFbGj8iHao4AuSsi8\" target=\"_blank\" rel=\"noopener\" data-saferedirecturl=\"https:\/\/www.google.com\/url?q=https:\/\/forms.gle\/dFbGj8iHao4AuSsi8&amp;source=gmail&amp;ust=1732220887660000&amp;usg=AOvVaw1xzln9emIcBiwz38Z_3nLe\">https:\/\/forms.gle\/<wbr \/>dFbGj8iHao4AuSsi8<\/a>), w mediach spo\u0142eczno\u015bciowych:\u00a0<a href=\"https:\/\/www.facebook.com\/Jadwiga.ZielonaGora\" target=\"_blank\" rel=\"noopener\" data-saferedirecturl=\"https:\/\/www.google.com\/url?q=https:\/\/www.facebook.com\/Jadwiga.ZielonaGora&amp;source=gmail&amp;ust=1732220887660000&amp;usg=AOvVaw1Hw3fQnXC-5GherVHJKEvy\">https:\/\/<wbr \/>www.facebook.com\/Jadwiga.<wbr \/>ZielonaGora<\/a>,<\/li>\n<li>email \u2013\u00a0<a href=\"mailto:adwentdlazycia.mi.zg@gmail.com\" target=\"_blank\" rel=\"noopener\">adwentdlazycia.mi.zg@gmail.<wbr \/>com<\/a><\/li>\n<li>telefon \u2013 784-182-144 w godzinach 16:00 \u2013 20:00. Szczeg\u00f3\u0142y na plakatach i ulotkach.<\/li>\n<\/ul>\n<p>ks. Piotr Bortnik &#8211; proboszcz parafii konkatedralnej<\/p><\/div>\n<div><\/div>\n","protected":false},"excerpt":{"rendered":"<p>Duchowa Adopcja Dziecka Pocz\u0119tego Krucjata\u00a0 modlitw w\u00a0 intencji\u00a0 ma\u0142\u017ce\u0144stw\u00a0 zagro\u017conych rozbiciem ADWENT DLA \u017bYCIA Rycerstwo Niepokalanej przy parafii \u015aw. Jadwigi \u015al\u0105skiej w Zielonej G\u00f3rze zaprasza &hellip;<\/p>\n","protected":false},"author":2,"featured_media":0,"parent":0,"menu_order":0,"comment_status":"closed","ping_status":"closed","template":"","meta":{"footnotes":""},"class_list":["post-18","page","type-page","status-publish","hentry"],"_links":{"self":[{"href":"https:\/\/dlarodziny.diecezjazg.pl\/index.php\/wp-json\/wp\/v2\/pages\/18","targetHints":{"allow":["GET"]}}],"collection":[{"href":"https:\/\/dlarodziny.diecezjazg.pl\/index.php\/wp-json\/wp\/v2\/pages"}],"about":[{"href":"https:\/\/dlarodziny.diecezjazg.pl\/index.php\/wp-json\/wp\/v2\/types\/page"}],"author":[{"embeddable":true,"href":"https:\/\/dlarodziny.diecezjazg.pl\/index.php\/wp-json\/wp\/v2\/users\/2"}],"replies":[{"embeddable":true,"href":"https:\/\/dlarodziny.diecezjazg.pl\/index.php\/wp-json\/wp\/v2\/comments?post=18"}],"version-history":[{"count":4,"href":"https:\/\/dlarodziny.diecezjazg.pl\/index.php\/wp-json\/wp\/v2\/pages\/18\/revisions"}],"predecessor-version":[{"id":532,"href":"https:\/\/dlarodziny.diecezjazg.pl\/index.php\/wp-json\/wp\/v2\/pages\/18\/revisions\/532"}],"wp:attachment":[{"href":"https:\/\/dlarodziny.diecezjazg.pl\/index.php\/wp-json\/wp\/v2\/media?parent=18"}],"curies":[{"name":"wp","href":"https:\/\/api.w.org\/{rel}","templated":true}]}}