{"id":20,"date":"2022-10-16T12:50:23","date_gmt":"2022-10-16T10:50:23","guid":{"rendered":"https:\/\/dlarodziny.diecezjazg.pl\/?page_id=20"},"modified":"2025-11-25T09:00:09","modified_gmt":"2025-11-25T08:00:09","slug":"studium","status":"publish","type":"page","link":"https:\/\/dlarodziny.diecezjazg.pl\/index.php\/studium\/","title":{"rendered":"Studium"},"content":{"rendered":"<p><strong>Studium Nad Ma\u0142\u017ce\u0144stwem i Rodzin\u0105 im. Bpa Wilhelma Pluty w edycji 2025\/2026 jest realizowane w ramach STUDIUM WIARY. Odsy\u0142amy do Instytutu Teologiczno-Filozoficznego w Zielonej G\u00f3rze.<\/strong><\/p>\n<p>Link\u00a0<a href=\"https:\/\/www.ift.zgora.pl\/studium-wiary.php\">https:\/\/www.ift.zgora.pl\/studium-wiary.php<\/a><\/p>\n","protected":false},"excerpt":{"rendered":"<p>Studium Nad Ma\u0142\u017ce\u0144stwem i Rodzin\u0105 im. Bpa Wilhelma Pluty w edycji 2025\/2026 jest realizowane w ramach STUDIUM WIARY. Odsy\u0142amy do Instytutu Teologiczno-Filozoficznego w Zielonej G\u00f3rze. &hellip;<\/p>\n","protected":false},"author":2,"featured_media":0,"parent":0,"menu_order":0,"comment_status":"closed","ping_status":"closed","template":"","meta":{"footnotes":""},"class_list":["post-20","page","type-page","status-publish","hentry"],"_links":{"self":[{"href":"https:\/\/dlarodziny.diecezjazg.pl\/index.php\/wp-json\/wp\/v2\/pages\/20","targetHints":{"allow":["GET"]}}],"collection":[{"href":"https:\/\/dlarodziny.diecezjazg.pl\/index.php\/wp-json\/wp\/v2\/pages"}],"about":[{"href":"https:\/\/dlarodziny.diecezjazg.pl\/index.php\/wp-json\/wp\/v2\/types\/page"}],"author":[{"embeddable":true,"href":"https:\/\/dlarodziny.diecezjazg.pl\/index.php\/wp-json\/wp\/v2\/users\/2"}],"replies":[{"embeddable":true,"href":"https:\/\/dlarodziny.diecezjazg.pl\/index.php\/wp-json\/wp\/v2\/comments?post=20"}],"version-history":[{"count":12,"href":"https:\/\/dlarodziny.diecezjazg.pl\/index.php\/wp-json\/wp\/v2\/pages\/20\/revisions"}],"predecessor-version":[{"id":640,"href":"https:\/\/dlarodziny.diecezjazg.pl\/index.php\/wp-json\/wp\/v2\/pages\/20\/revisions\/640"}],"wp:attachment":[{"href":"https:\/\/dlarodziny.diecezjazg.pl\/index.php\/wp-json\/wp\/v2\/media?parent=20"}],"curies":[{"name":"wp","href":"https:\/\/api.w.org\/{rel}","templated":true}]}}