{"id":25,"date":"2022-10-16T12:51:37","date_gmt":"2022-10-16T10:51:37","guid":{"rendered":"https:\/\/dlarodziny.diecezjazg.pl\/?page_id=25"},"modified":"2025-03-24T21:50:53","modified_gmt":"2025-03-24T20:50:53","slug":"kontakt","status":"publish","type":"page","link":"https:\/\/dlarodziny.diecezjazg.pl\/index.php\/kontakt\/","title":{"rendered":"Kontakt"},"content":{"rendered":"<p><img fetchpriority=\"high\" decoding=\"async\" class=\"wp-image-33 size-full aligncenter\" src=\"https:\/\/dlarodziny.diecezjazg.pl\/wp-content\/uploads\/2022\/10\/logo-dla-rodziny-1.png\" alt=\"\" width=\"840\" height=\"280\" srcset=\"https:\/\/dlarodziny.diecezjazg.pl\/wp-content\/uploads\/2022\/10\/logo-dla-rodziny-1.png 840w, https:\/\/dlarodziny.diecezjazg.pl\/wp-content\/uploads\/2022\/10\/logo-dla-rodziny-1-300x100.png 300w, https:\/\/dlarodziny.diecezjazg.pl\/wp-content\/uploads\/2022\/10\/logo-dla-rodziny-1-768x256.png 768w, https:\/\/dlarodziny.diecezjazg.pl\/wp-content\/uploads\/2022\/10\/logo-dla-rodziny-1-421x140.png 421w\" sizes=\"(max-width: 840px) 100vw, 840px\" \/><\/p>\n<p align=\"center\"><strong><span style=\"color: #003366;\">\u00a0<\/span><\/strong><span style=\"font-family: Arial, sans-serif;\"><span style=\"font-size: medium;\"><strong><span style=\"color: #003366;\"><span style=\"font-family: arial, helvetica, sans-serif;\"><span style=\"font-size: large;\">Diecezjalne Duszpasterstwo Rodzin<\/span><\/span><\/span><\/strong><\/span><\/span><\/p>\n<p align=\"center\"><strong><span style=\"font-family: arial, helvetica, sans-serif;\"><span style=\"font-size: large;\">Kuria Diecezjalna Diecezji Zielonog\u00f3rsko-Gorzowskiej<\/span><\/span><\/strong><\/p>\n<p align=\"center\"><strong><span style=\"font-family: arial, helvetica, sans-serif;\"><span style=\"font-size: large;\">Pl. Powsta\u0144c\u00f3w Wlkp. 1<\/span><\/span><\/strong><\/p>\n<p align=\"center\"><strong><span style=\"font-family: arial, helvetica, sans-serif;\"><span style=\"font-size: large;\">65-075 Zielona G\u00f3ra<\/span><\/span><\/strong><\/p>\n<p align=\"center\"><strong><span style=\"color: #003366;\"><span style=\"font-family: Arial, sans-serif;\"><span style=\"font-size: large;\">Diecezjalny Duszpasterz Rodzin:<\/span><\/span><\/span><\/strong><\/p>\n<p align=\"center\"><strong><span style=\"color: #000000;\"><span style=\"font-family: Arial, sans-serif;\"><span style=\"font-size: large;\">ks. dr Mariusz Dudka<\/span><\/span><\/span><\/strong><\/p>\n<p align=\"center\"><span style=\"font-family: Arial, sans-serif;\"><span style=\"font-size: large;\">tel. +48 728 443 412<br \/>\n<\/span><\/span><\/p>\n<p align=\"center\"><span style=\"font-family: Arial, sans-serif;\"><span style=\"font-size: large;\">e-mail: <a href=\"mailto:m.dudka@diecezjazg.pl\">m.dudka@diecezjazg.pl<\/a><\/span><\/span><\/p>\n<p align=\"center\"><strong><span style=\"color: #003366;\"><span style=\"font-family: Arial, sans-serif;\"><span style=\"font-size: large;\">Diecezjalny Doradca \u017bycia Rodzinnego<\/span><\/span><\/span><\/strong><\/p>\n<p align=\"center\"><strong><span style=\"color: #003366;\"><span style=\"font-family: Arial, sans-serif;\"><span style=\"font-size: large;\">-kontakt w sprawie misji,<\/span><\/span><\/span><\/strong><\/p>\n<p align=\"center\"><strong><span style=\"color: #003366;\"><span style=\"font-family: Arial, sans-serif;\"><span style=\"font-size: large;\">-zapotrzebowania na materia\u0142y do poradni\u00a0\u00a0<\/span><\/span><\/span><\/strong><\/p>\n<p align=\"center\"><strong><span style=\"color: #000000;\"><span style=\"font-family: Arial, sans-serif;\"><span style=\"font-size: large;\">mgr in\u017c. Iwona Nowak<\/span><\/span><\/span><\/strong><\/p>\n<p align=\"center\"><span style=\"font-family: Arial, sans-serif;\"><span style=\"font-size: large;\">tel. 728 443 413<br \/>\n<\/span><\/span><\/p>\n<p align=\"center\"><span style=\"font-family: Arial, sans-serif;\"><span style=\"font-size: large;\">e-mail: <a href=\"mailto:doradca.zgora@gmail.com\">doradca.zgora@gmail.com<\/a><\/span><\/span><\/p>\n","protected":false},"excerpt":{"rendered":"<p>\u00a0Diecezjalne Duszpasterstwo Rodzin Kuria Diecezjalna Diecezji Zielonog\u00f3rsko-Gorzowskiej Pl. Powsta\u0144c\u00f3w Wlkp. 1 65-075 Zielona G\u00f3ra Diecezjalny Duszpasterz Rodzin: ks. dr Mariusz Dudka tel. +48 728 443 &hellip;<\/p>\n","protected":false},"author":2,"featured_media":0,"parent":0,"menu_order":0,"comment_status":"closed","ping_status":"closed","template":"","meta":{"footnotes":""},"class_list":["post-25","page","type-page","status-publish","hentry"],"_links":{"self":[{"href":"https:\/\/dlarodziny.diecezjazg.pl\/index.php\/wp-json\/wp\/v2\/pages\/25","targetHints":{"allow":["GET"]}}],"collection":[{"href":"https:\/\/dlarodziny.diecezjazg.pl\/index.php\/wp-json\/wp\/v2\/pages"}],"about":[{"href":"https:\/\/dlarodziny.diecezjazg.pl\/index.php\/wp-json\/wp\/v2\/types\/page"}],"author":[{"embeddable":true,"href":"https:\/\/dlarodziny.diecezjazg.pl\/index.php\/wp-json\/wp\/v2\/users\/2"}],"replies":[{"embeddable":true,"href":"https:\/\/dlarodziny.diecezjazg.pl\/index.php\/wp-json\/wp\/v2\/comments?post=25"}],"version-history":[{"count":9,"href":"https:\/\/dlarodziny.diecezjazg.pl\/index.php\/wp-json\/wp\/v2\/pages\/25\/revisions"}],"predecessor-version":[{"id":597,"href":"https:\/\/dlarodziny.diecezjazg.pl\/index.php\/wp-json\/wp\/v2\/pages\/25\/revisions\/597"}],"wp:attachment":[{"href":"https:\/\/dlarodziny.diecezjazg.pl\/index.php\/wp-json\/wp\/v2\/media?parent=25"}],"curies":[{"name":"wp","href":"https:\/\/api.w.org\/{rel}","templated":true}]}}