{"id":355,"date":"2023-03-01T14:15:01","date_gmt":"2023-03-01T13:15:01","guid":{"rendered":"https:\/\/dlarodziny.diecezjazg.pl\/?page_id=355"},"modified":"2023-03-01T14:15:01","modified_gmt":"2023-03-01T13:15:01","slug":"ochrona-dzieci-i-mlodziezy","status":"publish","type":"page","link":"https:\/\/dlarodziny.diecezjazg.pl\/index.php\/ochrona-dzieci-i-mlodziezy\/","title":{"rendered":"Ochrona dzieci i m\u0142odzie\u017cy"},"content":{"rendered":"<h3 class=\"western\"><span style=\"color: #000000;\">W diecezji Zielonog\u00f3rsko-Gorzowskiej Ks. Dariusz Mazurkiewicz jest delegatem ds. ochrony dzieci i m\u0142odzie\u017cy tel. 663 364 994, do kt\u00f3rego powinny zg\u0142asza\u0107 si\u0119\u00a0 osoby skrzywdzone przez duchownych lub posiadaj\u0105ce wiedz\u0119 o takiej krzywdzie.<\/span><\/h3>\n<p><span style=\"color: #000000;\">Wi\u0119cej informacji na temat ochrony dzieci i m\u0142odzie\u017cy na stronie Centrum Ochrony Dziecka\u00a0https:\/\/cod.ignatianum.edu.pl\u00a0<\/span><\/p>\n<p>&nbsp;<\/p>\n","protected":false},"excerpt":{"rendered":"<p>W diecezji Zielonog\u00f3rsko-Gorzowskiej Ks. Dariusz Mazurkiewicz jest delegatem ds. ochrony dzieci i m\u0142odzie\u017cy tel. 663 364 994, do kt\u00f3rego powinny zg\u0142asza\u0107 si\u0119\u00a0 osoby skrzywdzone przez &hellip;<\/p>\n","protected":false},"author":2,"featured_media":0,"parent":0,"menu_order":0,"comment_status":"closed","ping_status":"closed","template":"","meta":{"footnotes":""},"class_list":["post-355","page","type-page","status-publish","hentry"],"_links":{"self":[{"href":"https:\/\/dlarodziny.diecezjazg.pl\/index.php\/wp-json\/wp\/v2\/pages\/355","targetHints":{"allow":["GET"]}}],"collection":[{"href":"https:\/\/dlarodziny.diecezjazg.pl\/index.php\/wp-json\/wp\/v2\/pages"}],"about":[{"href":"https:\/\/dlarodziny.diecezjazg.pl\/index.php\/wp-json\/wp\/v2\/types\/page"}],"author":[{"embeddable":true,"href":"https:\/\/dlarodziny.diecezjazg.pl\/index.php\/wp-json\/wp\/v2\/users\/2"}],"replies":[{"embeddable":true,"href":"https:\/\/dlarodziny.diecezjazg.pl\/index.php\/wp-json\/wp\/v2\/comments?post=355"}],"version-history":[{"count":1,"href":"https:\/\/dlarodziny.diecezjazg.pl\/index.php\/wp-json\/wp\/v2\/pages\/355\/revisions"}],"predecessor-version":[{"id":356,"href":"https:\/\/dlarodziny.diecezjazg.pl\/index.php\/wp-json\/wp\/v2\/pages\/355\/revisions\/356"}],"wp:attachment":[{"href":"https:\/\/dlarodziny.diecezjazg.pl\/index.php\/wp-json\/wp\/v2\/media?parent=355"}],"curies":[{"name":"wp","href":"https:\/\/api.w.org\/{rel}","templated":true}]}}