{"id":64,"date":"2022-10-16T13:32:14","date_gmt":"2022-10-16T11:32:14","guid":{"rendered":"https:\/\/dlarodziny.diecezjazg.pl\/?page_id=64"},"modified":"2025-05-08T10:12:55","modified_gmt":"2025-05-08T08:12:55","slug":"rodzinne-sos","status":"publish","type":"page","link":"https:\/\/dlarodziny.diecezjazg.pl\/index.php\/rodzinne-sos\/","title":{"rendered":"Rodzinne SOS"},"content":{"rendered":"<p>Rodzinne SOS<\/p>\n<p><a href=\"https:\/\/www.gabinetfalochron.pl\/\" target=\"_blank\" rel=\"noopener\">https:\/\/www.gabinetfalochron.pl\/\u00a0<\/a><\/p>\n<p><a href=\"https:\/\/psychoterapia-kozuchow.pl\/\" target=\"_blank\" rel=\"noopener\">https:\/\/psychoterapia-kozuchow.pl\/<\/a><\/p>\n<p><a href=\"https:\/\/www.facebook.com\/profile.php?id=100063464592165\" target=\"_blank\" rel=\"noopener\">Psychoterapia Doros\u0142ych i M\u0142odzie\u017cy El\u017cbieta Kozakiewicz<\/a><\/p>\n<p><a href=\"https:\/\/www.facebook.com\/profile.php?id=100063706849620\" target=\"_blank\" rel=\"noopener\">Jestem &#8211; Pracownia psychoterapii Anna Kobyli\u0144ska <\/a><\/p>\n<p><a href=\"http:\/\/agnieszkatokarz.pl\/\">http:\/\/agnieszkatokarz.pl\/<\/a><\/p>\n<p><a href=\"http:\/\/zielonagora-emaus.sychar.org\/\">http:\/\/zielonagora-emaus.sychar.org\/<\/a><\/p>\n<p><a href=\"https:\/\/dlarodziny.diecezjazg.pl\/index.php\/pochowek-dzieci-zmarlych-przed-urodzeniem\/\">Poch\u00f3wek dzieci zmar\u0142ych przed urodzeniem<\/a><\/p>\n<p><a href=\"http:\/\/fundacjacentrumrodziny.eu\/\">http:\/\/fundacjacentrumrodziny.eu\/<\/a><\/p>\n<p><a href=\"http:\/\/juglans.com.pl\/\">http:\/\/juglans.com.pl\/<\/a><\/p>\n<p><a href=\"http:\/\/fccp.pl\/instruktorzy\/lubuskie\">http:\/\/fccp.pl\/instruktorzy\/lubuskie<\/a><\/p>\n","protected":false},"excerpt":{"rendered":"<p>Rodzinne SOS https:\/\/www.gabinetfalochron.pl\/\u00a0 https:\/\/psychoterapia-kozuchow.pl\/ Psychoterapia Doros\u0142ych i M\u0142odzie\u017cy El\u017cbieta Kozakiewicz Jestem &#8211; Pracownia psychoterapii Anna Kobyli\u0144ska http:\/\/agnieszkatokarz.pl\/ http:\/\/zielonagora-emaus.sychar.org\/ Poch\u00f3wek dzieci zmar\u0142ych przed urodzeniem http:\/\/fundacjacentrumrodziny.eu\/ http:\/\/juglans.com.pl\/ &hellip;<\/p>\n","protected":false},"author":2,"featured_media":0,"parent":0,"menu_order":0,"comment_status":"closed","ping_status":"closed","template":"","meta":{"footnotes":""},"class_list":["post-64","page","type-page","status-publish","hentry"],"_links":{"self":[{"href":"https:\/\/dlarodziny.diecezjazg.pl\/index.php\/wp-json\/wp\/v2\/pages\/64","targetHints":{"allow":["GET"]}}],"collection":[{"href":"https:\/\/dlarodziny.diecezjazg.pl\/index.php\/wp-json\/wp\/v2\/pages"}],"about":[{"href":"https:\/\/dlarodziny.diecezjazg.pl\/index.php\/wp-json\/wp\/v2\/types\/page"}],"author":[{"embeddable":true,"href":"https:\/\/dlarodziny.diecezjazg.pl\/index.php\/wp-json\/wp\/v2\/users\/2"}],"replies":[{"embeddable":true,"href":"https:\/\/dlarodziny.diecezjazg.pl\/index.php\/wp-json\/wp\/v2\/comments?post=64"}],"version-history":[{"count":10,"href":"https:\/\/dlarodziny.diecezjazg.pl\/index.php\/wp-json\/wp\/v2\/pages\/64\/revisions"}],"predecessor-version":[{"id":608,"href":"https:\/\/dlarodziny.diecezjazg.pl\/index.php\/wp-json\/wp\/v2\/pages\/64\/revisions\/608"}],"wp:attachment":[{"href":"https:\/\/dlarodziny.diecezjazg.pl\/index.php\/wp-json\/wp\/v2\/media?parent=64"}],"curies":[{"name":"wp","href":"https:\/\/api.w.org\/{rel}","templated":true}]}}