{"id":81,"date":"2022-10-16T14:31:33","date_gmt":"2022-10-16T12:31:33","guid":{"rendered":"https:\/\/dlarodziny.diecezjazg.pl\/?page_id=81"},"modified":"2023-03-24T11:06:21","modified_gmt":"2023-03-24T10:06:21","slug":"domowy-kosciol","status":"publish","type":"page","link":"https:\/\/dlarodziny.diecezjazg.pl\/index.php\/domowy-kosciol\/","title":{"rendered":"Domowy Ko\u015bci\u00f3\u0142"},"content":{"rendered":"<p><strong>Domowy Ko\u015bci\u00f3\u0142 (DK)<\/strong> jest ma\u0142\u017ce\u0144sko-rodzinnym ruchem \u015bwieckich w Ko\u015bciele dzia\u0142aj\u0105cym w ramach Ruchu \u015awiat\u0142o-\u017bycie.<\/p>\n<p>DK \u0142\u0105czy w sobie dwa charyzmaty Ruchu \u015awiat\u0142o-\u017bycie i mi\u0119dzynarodowego ruchu ma\u0142\u017ce\u0144stw Equipes Norte-Dame (END).<\/p>\n<p>Za\u0142o\u017cycielem DK jest S\u0142uga Bo\u017cy ks. Franciszek Blachnicki (1921-1987).<\/p>\n<p>Cz\u0142onkami DK s\u0105 ma\u0142\u017ce\u0144stwa sakramentalne, kt\u00f3re wsp\u00f3lnie (m\u0105\u017c i \u017cona)\u00a0 anga\u017cuj\u0105 si\u0119 w proponowan\u0105 im formacj\u0119.<\/p>\n<p>Ma\u0142\u017ce\u0144stwa w\u0142\u0105czaj\u0105 si\u0119 do kr\u0119g\u00f3w DK, aby sobie wzajemnie pomaga\u0107. DK zwraca szczeg\u00f3ln\u0105 uwag\u0119 na duchowo\u015b\u0107 ma\u0142\u017ce\u0144sk\u0105, czyli d\u0105\u017cenie do jedno\u015bci ma\u0142\u017ce\u0144skiej, kt\u00f3rej budowaniu s\u0142u\u017c\u0105:<br \/>\n&#8211; codzienna modlitwa osobista<br \/>\n&#8211; regularne spotkanie ze S\u0142owem Bo\u017cym<br \/>\n&#8211; codzienna modlitwa ma\u0142\u017ce\u0144ska<br \/>\n&#8211; codzienna modlitwa rodzinna<br \/>\n&#8211; comiesi\u0119czny dialog ma\u0142\u017ce\u0144ski<br \/>\n&#8211; regu\u0142a \u017cycia (systematyczna praca nad sob\u0105, swoim ma\u0142\u017ce\u0144stwem, rodzin\u0105)<br \/>\n&#8211; uczestnictwo przynajmniej raz w roku w rekolekcjach formacyjnych<\/p>\n<p>Kr\u0105g DK sk\u0142adaj\u0105cy si\u0119 z od 4 do 7 ma\u0142\u017ce\u0144stw. Spotkanie kr\u0119gu odbywa si\u0119 raz w miesi\u0105cu w mieszkaniu poszczeg\u00f3lnych ma\u0142\u017ce\u0144stw.<\/p>\n<p>Zainteresowanych DK odsy\u0142amy na stron\u0119 internetow\u0105 diecezjaln\u0105: <strong><a title=\"Przejd\u017a do strony w nowym oknie\" href=\"https:\/\/web.archive.org\/web\/20211204135946\/http:\/\/www.rdk.zw.pl\/\" target=\"_blank\" rel=\"noopener\">www.rdk.zw.pl<\/a>\u00a0<\/strong> lub krajow\u0105: <strong><a title=\"Przejd\u017a do strony w nowym oknie\" href=\"https:\/\/web.archive.org\/web\/20211204135946\/http:\/\/www.rdk.zw.pl\/\" target=\"_blank\" rel=\"noopener\">www.dk.oaza.pl<\/a><\/strong><\/p>\n","protected":false},"excerpt":{"rendered":"<p>Domowy Ko\u015bci\u00f3\u0142 (DK) jest ma\u0142\u017ce\u0144sko-rodzinnym ruchem \u015bwieckich w Ko\u015bciele dzia\u0142aj\u0105cym w ramach Ruchu \u015awiat\u0142o-\u017bycie. DK \u0142\u0105czy w sobie dwa charyzmaty Ruchu \u015awiat\u0142o-\u017bycie i mi\u0119dzynarodowego ruchu &hellip;<\/p>\n","protected":false},"author":2,"featured_media":0,"parent":0,"menu_order":0,"comment_status":"closed","ping_status":"closed","template":"","meta":{"footnotes":""},"class_list":["post-81","page","type-page","status-publish","hentry"],"_links":{"self":[{"href":"https:\/\/dlarodziny.diecezjazg.pl\/index.php\/wp-json\/wp\/v2\/pages\/81","targetHints":{"allow":["GET"]}}],"collection":[{"href":"https:\/\/dlarodziny.diecezjazg.pl\/index.php\/wp-json\/wp\/v2\/pages"}],"about":[{"href":"https:\/\/dlarodziny.diecezjazg.pl\/index.php\/wp-json\/wp\/v2\/types\/page"}],"author":[{"embeddable":true,"href":"https:\/\/dlarodziny.diecezjazg.pl\/index.php\/wp-json\/wp\/v2\/users\/2"}],"replies":[{"embeddable":true,"href":"https:\/\/dlarodziny.diecezjazg.pl\/index.php\/wp-json\/wp\/v2\/comments?post=81"}],"version-history":[{"count":2,"href":"https:\/\/dlarodziny.diecezjazg.pl\/index.php\/wp-json\/wp\/v2\/pages\/81\/revisions"}],"predecessor-version":[{"id":365,"href":"https:\/\/dlarodziny.diecezjazg.pl\/index.php\/wp-json\/wp\/v2\/pages\/81\/revisions\/365"}],"wp:attachment":[{"href":"https:\/\/dlarodziny.diecezjazg.pl\/index.php\/wp-json\/wp\/v2\/media?parent=81"}],"curies":[{"name":"wp","href":"https:\/\/api.w.org\/{rel}","templated":true}]}}