{"id":93,"date":"2022-10-16T14:35:52","date_gmt":"2022-10-16T12:35:52","guid":{"rendered":"https:\/\/dlarodziny.diecezjazg.pl\/?page_id=93"},"modified":"2022-10-16T14:35:59","modified_gmt":"2022-10-16T12:35:59","slug":"stowarzyszenie-rodzin-katolickich","status":"publish","type":"page","link":"https:\/\/dlarodziny.diecezjazg.pl\/index.php\/stowarzyszenie-rodzin-katolickich\/","title":{"rendered":"Stowarzyszenie Rodzin Katolickich"},"content":{"rendered":"<p><strong>Stowarzyszenie Rodzin Katolickich (SRK)<\/strong> stawia sobie za cel wspieranie rodziny w wype\u0142nianiu jej zada\u0144 okre\u015blonych w nauce Ko\u015bcio\u0142a, a g\u0142\u00f3wnie: w umacnianiu instytucji ma\u0142\u017ce\u0144stwa, kszta\u0142towaniu warunk\u00f3w sprzyjaj\u0105cych zaspokajaniu potrzeb rodziny oraz w\u0142a\u015bciwemu wype\u0142nianiu jej misji wobec spo\u0142ecze\u0144stwa, wcielaniu nauki Ko\u015bcio\u0142a Katolickiego w \u017cycie rodzin i spo\u0142ecze\u0144stwa.<\/p>\n<p>Dzia\u0142alno\u015b\u0107 SRK realizuje si\u0119 w dw\u00f3ch g\u0142\u00f3wnych nurtach:<br \/>\n&#8211; pracy formacyjnej -nieustannego samokszta\u0142cenia poprzez pog\u0142\u0119bianie nauki Ko\u015bcio\u0142a, dyskusje,\u00a0sympozja, spotkania z kompetentnymi osobami, analizowanie dokument\u00f3w Ko\u015bcio\u0142a Katolickiego;<\/p>\n<p>&#8211; aktywnym uczestnictwie w \u017cyciu spo\u0142ecznym i gospodarczym, przede wszystkim na terenie dzia\u0142ania danego stowarzyszenia,\u00a0a tak\u017ce poprzez federacj\u0119 na terenie ca\u0142ej Polski.<\/p>\n<p>Podstawowymi jednostkami tworz\u0105cymi Diecezjalne Stowarzyszenia Rodzin Katolickich s\u0105 Ko\u0142a Parafialne.<\/p>\n","protected":false},"excerpt":{"rendered":"<p>Stowarzyszenie Rodzin Katolickich (SRK) stawia sobie za cel wspieranie rodziny w wype\u0142nianiu jej zada\u0144 okre\u015blonych w nauce Ko\u015bcio\u0142a, a g\u0142\u00f3wnie: w umacnianiu instytucji ma\u0142\u017ce\u0144stwa, kszta\u0142towaniu &hellip;<\/p>\n","protected":false},"author":2,"featured_media":0,"parent":0,"menu_order":0,"comment_status":"closed","ping_status":"closed","template":"","meta":{"footnotes":""},"class_list":["post-93","page","type-page","status-publish","hentry"],"_links":{"self":[{"href":"https:\/\/dlarodziny.diecezjazg.pl\/index.php\/wp-json\/wp\/v2\/pages\/93","targetHints":{"allow":["GET"]}}],"collection":[{"href":"https:\/\/dlarodziny.diecezjazg.pl\/index.php\/wp-json\/wp\/v2\/pages"}],"about":[{"href":"https:\/\/dlarodziny.diecezjazg.pl\/index.php\/wp-json\/wp\/v2\/types\/page"}],"author":[{"embeddable":true,"href":"https:\/\/dlarodziny.diecezjazg.pl\/index.php\/wp-json\/wp\/v2\/users\/2"}],"replies":[{"embeddable":true,"href":"https:\/\/dlarodziny.diecezjazg.pl\/index.php\/wp-json\/wp\/v2\/comments?post=93"}],"version-history":[{"count":2,"href":"https:\/\/dlarodziny.diecezjazg.pl\/index.php\/wp-json\/wp\/v2\/pages\/93\/revisions"}],"predecessor-version":[{"id":96,"href":"https:\/\/dlarodziny.diecezjazg.pl\/index.php\/wp-json\/wp\/v2\/pages\/93\/revisions\/96"}],"wp:attachment":[{"href":"https:\/\/dlarodziny.diecezjazg.pl\/index.php\/wp-json\/wp\/v2\/media?parent=93"}],"curies":[{"name":"wp","href":"https:\/\/api.w.org\/{rel}","templated":true}]}}